{"id":5448,"date":"2022-10-28T19:23:32","date_gmt":"2022-10-28T17:23:32","guid":{"rendered":"http:\/\/greenwood-cup.de\/?page_id=5448"},"modified":"2025-11-24T10:22:07","modified_gmt":"2025-11-24T09:22:07","slug":"die-turnierbestimmungen","status":"publish","type":"page","link":"https:\/\/greenwood-cup.de\/?page_id=5448","title":{"rendered":"Die Turnierbestimmungen"},"content":{"rendered":"\n<h1 style=\"text-align: center;\">Greenwood Cup 2025<\/h1>\n<p style=\"text-align: center;\"><strong>\u00a0<\/strong><strong>Spielort:<\/strong>\u00a0Kultur- und Sportpark H\u00f6sbach<strong>\u00a0<\/strong><\/p>\n<p><strong>Die Spiele werden nach den g\u00fcltigen BFV Regeln ausgetragen<\/strong>.\u00a0<\/p>\n<p><a href=\"https:\/\/greenwood-cup.de\/wp-content\/uploads\/2025\/10\/richtlinien-fur-futsalturniere-und-private-hallenturniere-01.08.2025.pdf\">Aktuelle BFV Richtlinie<\/a><\/p>\n<p><span style=\"font-weight: 400;\">(\u201cTeil 1 \u2013 Allgemeinverbindlicher Teil\u201d und \u201cTeil 4 \u2013 Kinderfu\u00dfball in der Halle\u201d)<\/span><\/p>\n<ul>\n<li style=\"font-weight: 400;\" aria-level=\"1\"><span style=\"font-weight: 400;\">Die Spiele werden von amtlichen BFV-Schiedsrichter*innen geleitet.<\/span><\/li>\n<li style=\"font-weight: 400;\" aria-level=\"1\"><span style=\"font-weight: 400;\">F\u00fcr alle Spieler*innen besteht Passzwang, bzw. es muss eine Spielberechtigung nachgewiesen werden.<\/span><\/li>\n<li style=\"font-weight: 400;\" aria-level=\"1\"><span style=\"font-weight: 400;\">Eine Mannschaft besteht aus 4 Feldspieler*innen, 1 Torh\u00fcterin oder Torh\u00fcter und max. 7 Auswechselspieler*innen sowie maximal 3 Teamoffiziellen.\u00a0 Nur diese Personen d\u00fcrfen sich in der Wechselzone aufhalten.<\/span><\/li>\n<li style=\"font-weight: 400;\" aria-level=\"1\"><span style=\"font-weight: 400;\">Die Spielzeit betr\u00e4gt 1 x 10 min ohne Wechsel.<\/span><\/li>\n<li style=\"font-weight: 400;\" aria-level=\"1\"><span style=\"font-weight: 400;\">Gespielt wird in der Vorrunde mit 4x 6er Gruppen. Die ersten vier Teams erreichen die Zwischenrunde. Die Zwischenrunde wird in 4x 4er Gruppen ausgetragen aus der sich die ersten zwei Teams f\u00fcr das Viertelfinale qualifizieren.<\/span><\/li>\n<li style=\"font-weight: 400;\" aria-level=\"1\"><span style=\"font-weight: 400;\">Bei Trikotgleichheit legt der Veranstalter Leibchen bereit, die die erstgenannte Mannschaft vor Spielbeginn bei der Turnierleitung abzuholen und anzuziehen hat.<\/span><\/li>\n<li style=\"font-weight: 400;\" aria-level=\"1\"><span style=\"font-weight: 400;\">Die erstgenannte Mannschaft spielt von der Trib\u00fcne aus gesehen von links nach rechts.<\/span><\/li>\n<li style=\"font-weight: 400;\" aria-level=\"1\"><span style=\"font-weight: 400;\">Die erstgenannte Mannschaft er\u00f6ffnet das Spiel durch Anstoss in der Mitte des Spielfeldes. Es m\u00fcssen sich alle Spieler in der jeweils eigenen H\u00e4lfte befinden, die gegnerische Mannnschaft hat einen Mindestabstand von 3 Metern zu wahren.<\/span><\/li>\n<li style=\"font-weight: 400;\" aria-level=\"1\"><span style=\"font-weight: 400;\">Nach einem Gegentor wird das Spiel ebenfalls durch einen Anstoss in der Mitte des Spielfeldes fortgesetzt. Es m\u00fcssen sich alle Spieler in der jeweils eigenen H\u00e4lfte befinden, die gegnerische Mannnschaft hat einen Mindestabstand von 3 Metern zu wahren.<\/span><\/li>\n<li style=\"font-weight: 400;\" aria-level=\"1\"><span style=\"font-weight: 400;\">Das Ein- und Auswechseln ist beliebig oft gestattet, jedoch nur im Bereich der jeweiligen Ersatzbank (Wechselzone). Die Wechselzone ist deutlich markiert, die\/der auszuwechselnde Spieler*in muss schnellstm\u00f6glich das Spielfeld verlassen. Wechselfehler werden mit einem indirekten Freisto\u00df und einer gelben Karte geahndet.<\/span><\/li>\n<li style=\"font-weight: 400;\" aria-level=\"1\"><span style=\"font-weight: 400;\">Gespielt wird auf Kleinfeldtore (5\u00d72m) und mit Rundumbande. Das Spielfeld hat eine Gr\u00f6\u00dfe von 19m x 40m.<\/span><\/li>\n<li style=\"font-weight: 400;\" aria-level=\"1\"><span style=\"font-weight: 400;\">Bei allen Spielfortsetzungen (au\u00dfer Penalty\/Strafsto\u00df) wird das Spiel durch Einsto\u00dfen oder Eindribbeln au\u00dferhalb der 6m-Torzone fortgesetzt. Ein Tor kann erst ab dem zweiten Kontakt (auch durch den gleichen Spieler*in m\u00f6glich) erzielt werden.\u00a0<\/span><\/li>\n<li style=\"font-weight: 400;\" aria-level=\"1\"><span style=\"font-weight: 400;\">Aus der eigenen H\u00e4lfte darf kein Tor erzielt werden.\u00a0<\/span><\/li>\n<li style=\"font-weight: 400;\" aria-level=\"1\"><span style=\"font-weight: 400;\">Freist\u00f6\u00dfe sind nur <\/span><b>indirekt<\/b><span style=\"font-weight: 400;\"> auszuf\u00fchren. Die gegnerische Mannnschaft hat einen Mindestabstand von 3 Metern zu wahren.<\/span><\/li>\n<li style=\"font-weight: 400;\" aria-level=\"1\"><span style=\"font-weight: 400;\">Die Torzone ist deutlich markiert. Ein Foulspiel in der Torzone wird mit einem Penalty aus 8 Metern geahndet.\u00a0<\/span><\/li>\n<li style=\"font-weight: 400;\" aria-level=\"1\"><span style=\"font-weight: 400;\">Die Torh\u00fcterin oder der Torh\u00fcter darf die Mittellinie \u00fcberschreiten und mitspielen. Die Torh\u00fcterin oder der Torh\u00fcter muss deutlich gekennzeichnet sein.<\/span><\/li>\n<li style=\"font-weight: 400;\" aria-level=\"1\"><span style=\"font-weight: 400;\">Der Ball darf nach Toraus nur von der Torh\u00fcterin oder dem Torh\u00fcter der verteidigenden Mannschaft per Einwurf ins Spiel gebracht werden.<\/span><\/li>\n<li aria-level=\"1\">Ecken werden per <span style=\"font-weight: 400;\">Einsto\u00df oder Eindribbeln ausgef\u00fchrt.\u00a0<\/span><\/li>\n<li style=\"font-weight: 400;\" aria-level=\"1\"><span style=\"font-weight: 400;\">Ein Schiedsrichterball erfolgt an der Stelle wo sich der Ball bei der Unterbrechung befunden hat, der Schiedsrichter l\u00e4sst hierzu den Ball an der entsprechenden Stelle fallen.<\/span><\/li>\n<li style=\"font-weight: 400;\" aria-level=\"1\"><span style=\"font-weight: 400;\">Die R\u00fcckpassregel ist <\/span><b>au\u00dfer Kraft<\/b><span style=\"font-weight: 400;\"> gesetzt, der Ball kann zur Torh\u00fcterin oder zum Torh\u00fcter\u00a0 zur\u00fcckgespielt und von dieser\/diesem mit den H\u00e4nden ber\u00fchrt werden.<\/span><\/li>\n<li style=\"font-weight: 400;\" aria-level=\"1\"><span style=\"font-weight: 400;\">Wenn der Ball die Hallendecke oder Ger\u00e4tschaften ber\u00fchrt, wird dies mit einem Einsto\u00dfen oder Eindribbeln an der Au\u00dfenlinie geahndet. Das Einsto\u00dfen oder Eindribbeln wird auf gleicher H\u00f6he des Punktes, an dem die Ber\u00fchrung stattgefunden hat, allerdings au\u00dferhalb der Torzone, ausgef\u00fchrt.<\/span><\/li>\n<li style=\"font-weight: 400;\" aria-level=\"1\"><span style=\"font-weight: 400;\">Liegt eine Mannschaft mit drei oder mehr Toren in F\u00fchrung, darf die gegnerische Mannschaft einen weiteren Spieler einsetzen. Es wird maximal ein Spieler*in hinzugef\u00fcgt, sobald der R\u00fcckstand &lt; 3 Tore ist, muss der zus\u00e4tzliche Spieler*in das Spielfeld wieder verlassen.<\/span><\/li>\n<li style=\"font-weight: 400;\" aria-level=\"1\"><span style=\"font-weight: 400;\">Ab dem \u00bc-Finale wird bei einem Unentschieden der Sieger per 8m-Schie\u00dfen ermittelt (je Team 5 Sch\u00fctzen*innen). Sollte nach den ersten 5 Sch\u00fctzen*innen kein Sieger feststehen, wird wechselweise im 1 gegen 1 Vergleich mit jeweils neuem Sch\u00fctzen*innen bis zur Entscheidung weiter geschossen.<\/span><\/li>\n<li style=\"font-weight: 400;\" aria-level=\"1\"><span style=\"font-weight: 400;\">Der Veranstalter \u00fcbernimmt f\u00fcr abhanden gekommene Gegenst\u00e4nde und auch bei Verletzungen keine Haftung. Ein Versicherungsschutz der teilnehmenden Spieler*innen \u00fcber den Veranstalter besteht nicht.<\/span><\/li>\n<li style=\"font-weight: 400;\" aria-level=\"1\"><span style=\"font-weight: 400;\">Mannschaften haben f\u00fcr etwaige von ihnen verursachte Sch\u00e4den in der Sporthalle bzw. Kabine aufzukommen.<\/span><\/li>\n<li style=\"font-weight: 400;\" aria-level=\"1\"><span style=\"font-weight: 400;\">Wir bitten Sie, Ihre Anreise so einzurichten, dass Sie\u00a0<\/span><b>sp\u00e4testens<\/b><span style=\"font-weight: 400;\">\u00a0eine Stunde vor dem ersten Spiel (siehe Turnierplan) in der Sporthalle anwesend sind und sich bei der Turnierleitung melden.<\/span><\/li>\n<\/ul>\n","protected":false},"excerpt":{"rendered":"<p>Greenwood Cup 2025 \u00a0Spielort:\u00a0Kultur- und Sportpark H\u00f6sbach\u00a0 Die Spiele werden nach den g\u00fcltigen BFV Regeln ausgetragen.\u00a0 Aktuelle BFV Richtlinie (\u201cTeil 1 \u2013 Allgemeinverbindlicher Teil\u201d und \u201cTeil 4 \u2013 Kinderfu\u00dfball in der Halle\u201d) Die Spiele werden von amtlichen BFV-Schiedsrichter*innen geleitet. F\u00fcr alle Spieler*innen besteht Passzwang, bzw. es muss eine Spielberechtigung nachgewiesen werden. Eine Mannschaft besteht aus [&hellip;]<\/p>\n","protected":false},"author":2,"featured_media":0,"parent":0,"menu_order":0,"comment_status":"closed","ping_status":"closed","template":"","meta":{"footnotes":""},"class_list":["post-5448","page","type-page","status-publish","hentry"],"_links":{"self":[{"href":"https:\/\/greenwood-cup.de\/index.php?rest_route=\/wp\/v2\/pages\/5448","targetHints":{"allow":["GET"]}}],"collection":[{"href":"https:\/\/greenwood-cup.de\/index.php?rest_route=\/wp\/v2\/pages"}],"about":[{"href":"https:\/\/greenwood-cup.de\/index.php?rest_route=\/wp\/v2\/types\/page"}],"author":[{"embeddable":true,"href":"https:\/\/greenwood-cup.de\/index.php?rest_route=\/wp\/v2\/users\/2"}],"replies":[{"embeddable":true,"href":"https:\/\/greenwood-cup.de\/index.php?rest_route=%2Fwp%2Fv2%2Fcomments&post=5448"}],"version-history":[{"count":22,"href":"https:\/\/greenwood-cup.de\/index.php?rest_route=\/wp\/v2\/pages\/5448\/revisions"}],"predecessor-version":[{"id":12131,"href":"https:\/\/greenwood-cup.de\/index.php?rest_route=\/wp\/v2\/pages\/5448\/revisions\/12131"}],"wp:attachment":[{"href":"https:\/\/greenwood-cup.de\/index.php?rest_route=%2Fwp%2Fv2%2Fmedia&parent=5448"}],"curies":[{"name":"wp","href":"https:\/\/api.w.org\/{rel}","templated":true}]}}