{"id":3835,"date":"2019-11-11T14:56:27","date_gmt":"2019-11-11T13:56:27","guid":{"rendered":"http:\/\/greenwood-cup.de\/?page_id=3835"},"modified":"2022-10-22T22:41:24","modified_gmt":"2022-10-22T20:41:24","slug":"sg-bessenbach","status":"publish","type":"page","link":"https:\/\/greenwood-cup.de\/?page_id=3835","title":{"rendered":"SG Bessenbach"},"content":{"rendered":"<p><img fetchpriority=\"high\" decoding=\"async\" class=\"aligncenter wp-image-3889 lazyload\" src=\"data:image\/gif;base64,R0lGODlhAQABAIAAAAAAAP\/\/\/yH5BAEAAAAALAAAAAABAAEAAAIBRAA7\" data-src=\"https:\/\/greenwood-cup.de\/wp-content\/uploads\/2019\/11\/Bessenbachtal-300x225.jpg\" alt=\"\" width=\"1000\" height=\"750\" \/><noscript><img decoding=\"async\" class=\"aligncenter wp-image-3889 lazyload\" src=\"https:\/\/greenwood-cup.de\/wp-content\/uploads\/2019\/11\/Bessenbachtal-300x225.jpg\" alt=\"\" width=\"1000\" height=\"750\" srcset=\"https:\/\/greenwood-cup.de\/wp-content\/uploads\/2019\/11\/Bessenbachtal-300x225.jpg 300w, https:\/\/greenwood-cup.de\/wp-content\/uploads\/2019\/11\/Bessenbachtal-768x576.jpg 768w, https:\/\/greenwood-cup.de\/wp-content\/uploads\/2019\/11\/Bessenbachtal-1024x768.jpg 1024w, https:\/\/greenwood-cup.de\/wp-content\/uploads\/2019\/11\/Bessenbachtal-128x96.jpg 128w, https:\/\/greenwood-cup.de\/wp-content\/uploads\/2019\/11\/Bessenbachtal-32x24.jpg 32w, https:\/\/greenwood-cup.de\/wp-content\/uploads\/2019\/11\/Bessenbachtal-520x390.jpg 520w, https:\/\/greenwood-cup.de\/wp-content\/uploads\/2019\/11\/Bessenbachtal-740x555.jpg 740w, https:\/\/greenwood-cup.de\/wp-content\/uploads\/2019\/11\/Bessenbachtal.jpg 1600w\" sizes=\"(max-width: 1000px) 100vw, 1000px\" \/><\/noscript><\/p>\n<p><strong>Hinten die Trainer:<\/strong> Rainer Richartz, J\u00fcrgen Spatz, Stephan Heeg, es fehlt Murat Aslan<\/p>\n<p><strong>Mitte:<\/strong> Lenny Michel, Jonas B\u00fcttner, Josh Roth, Lukas Allig, Lukas Ritter, Taylan Aslan, Theo Nebel.<\/p>\n<p><strong>Vorne:<\/strong> Tom F\u00e4th, Cedrik Thiel, Leo Richartz, Lorenz Heeg, Luke Spatz<\/p>\n<p><img decoding=\"async\" class=\"aligncenter size-medium wp-image-1197 lazyload\" src=\"data:image\/gif;base64,R0lGODlhAQABAIAAAAAAAP\/\/\/yH5BAEAAAAALAAAAAABAAEAAAIBRAA7\" data-src=\"https:\/\/greenwood-cup.de\/wp-content\/uploads\/2018\/03\/19_Platz-300x96.png\" alt=\"\" width=\"300\" height=\"96\" \/><noscript><img loading=\"lazy\" decoding=\"async\" class=\"aligncenter size-medium wp-image-1197 lazyload\" src=\"https:\/\/greenwood-cup.de\/wp-content\/uploads\/2018\/03\/19_Platz-300x96.png\" alt=\"\" width=\"300\" height=\"96\" srcset=\"https:\/\/greenwood-cup.de\/wp-content\/uploads\/2018\/03\/19_Platz-300x96.png 300w, https:\/\/greenwood-cup.de\/wp-content\/uploads\/2018\/03\/19_Platz-768x245.png 768w, https:\/\/greenwood-cup.de\/wp-content\/uploads\/2018\/03\/19_Platz-1024x327.png 1024w, https:\/\/greenwood-cup.de\/wp-content\/uploads\/2018\/03\/19_Platz-128x41.png 128w, https:\/\/greenwood-cup.de\/wp-content\/uploads\/2018\/03\/19_Platz-32x10.png 32w, https:\/\/greenwood-cup.de\/wp-content\/uploads\/2018\/03\/19_Platz-520x166.png 520w, https:\/\/greenwood-cup.de\/wp-content\/uploads\/2018\/03\/19_Platz-740x237.png 740w, https:\/\/greenwood-cup.de\/wp-content\/uploads\/2018\/03\/19_Platz.png 1414w\" sizes=\"(max-width: 300px) 100vw, 300px\" \/><\/noscript><\/p>\n<div class=\"sportspress sp-widget-align-none\"><h4 class=\"sp-table-caption\">Ergebnisse Greenwood-Cup 2019<\/h4><div class=\"sp-template sp-template-event-blocks\">\n\t<div class=\"sp-table-wrapper\">\n\t\t<table class=\"sp-event-blocks sp-data-table\n\t\t\t\t\t sp-paginated-table\" data-sp-rows=\"10\">\n\t\t\t<thead><tr><th><\/th><\/tr><\/thead> \t\t\t<tbody>\n\t\t\t\t\t\t\t\t\t<tr class=\"sp-row sp-post alternate\" itemscope itemtype=\"http:\/\/schema.org\/SportsEvent\">\n\t\t\t\t\t\t<td>\n\t\t\t\t\t\t\t\t\t\t\t\t\t\t<span class=\"team-logo logo-odd\" title=\"Hannover 96\"><img loading=\"lazy\" decoding=\"async\" width=\"128\" height=\"113\" src=\"https:\/\/greenwood-cup.de\/wp-content\/uploads\/2018\/02\/283px-Hannover_96_Logo_svg-1-e1518281812888.png\" class=\"attachment-sportspress-fit-icon size-sportspress-fit-icon wp-post-image\" alt=\"\" \/><\/span> <span class=\"team-logo logo-even\" title=\"SG Bessenbach\"><img loading=\"lazy\" decoding=\"async\" width=\"128\" height=\"124\" src=\"https:\/\/greenwood-cup.de\/wp-content\/uploads\/2022\/11\/SG-Bessenbach-neu-e1668687809390-128x124.png\" class=\"attachment-sportspress-fit-icon size-sportspress-fit-icon wp-post-image\" alt=\"\" \/><\/span>\t\t\t\t\t\t\t<time class=\"sp-event-date\" datetime=\"2019-11-23 08:52:31\" itemprop=\"startDate\" content=\"2019-11-23T08:52:31+01:00\">\n\t\t\t\t\t\t\t\t<a href=\"https:\/\/greenwood-cup.de\/?sp_event=hannover-96-sg-bessenbach\">23. November 2019<\/a>\t\t\t\t\t\t\t<\/time>\n\t\t\t\t\t\t\t\t\t\t\t\t\t\t<h5 class=\"sp-event-results\">\n\t\t\t\t\t\t\t\t<a href=\"https:\/\/greenwood-cup.de\/?sp_event=hannover-96-sg-bessenbach\"><span class=\"sp-result ok\">5<\/span> - <span class=\"sp-result\">0<\/span><\/a>\t\t\t\t\t\t\t<\/h5>\n\t\t\t\t\t\t\t\t\t\t\t\t\t\t\t<div class=\"sp-event-league\">Greenwood-Cup 2019<\/div>\n\t\t\t\t\t\t\t\t\t\t\t\t\t\t\t\t\t\t\t\t\t\t\t\t\t\t\t\t\t\t<div class=\"sp-event-season\">2019 - Vorrunde DVAG Fries Gruppe<\/div>\n\t\t\t\t\t\t\t\t\t\t\t\t\t\t\t\t\t\t\t\t\t\t\t\t\t\t\t\t\t\t\t\t\t\t\t\t\t<div style=\"display:none;\" class=\"sp-event-venue\" itemprop=\"location\" itemscope itemtype=\"http:\/\/schema.org\/Place\"><div itemprop=\"address\" itemscope itemtype=\"http:\/\/schema.org\/PostalAddress\">n.\u00a0a.<\/div><\/div>\n\t\t\t\t\t\t\t\t\t\t\t\t\t\t<h4 class=\"sp-event-title\" itemprop=\"name\">\n\t\t\t\t\t\t\t\t<a href=\"https:\/\/greenwood-cup.de\/?sp_event=hannover-96-sg-bessenbach\">Hannover 96 \u2014 SG Bessenbach<\/a>\t\t\t\t\t\t\t<\/h4>\n\t\t\t\t\t\t\t\n\t\t\t\t\t\t<\/td>\n\t\t\t\t\t<\/tr>\n\t\t\t\t\t\t\t\t\t\t<tr class=\"sp-row sp-post\" itemscope itemtype=\"http:\/\/schema.org\/SportsEvent\">\n\t\t\t\t\t\t<td>\n\t\t\t\t\t\t\t\t\t\t\t\t\t\t<span class=\"team-logo logo-odd\" title=\"SG Bessenbach\"><img loading=\"lazy\" decoding=\"async\" width=\"128\" height=\"124\" src=\"https:\/\/greenwood-cup.de\/wp-content\/uploads\/2022\/11\/SG-Bessenbach-neu-e1668687809390-128x124.png\" class=\"attachment-sportspress-fit-icon size-sportspress-fit-icon wp-post-image\" alt=\"\" \/><\/span> <span class=\"team-logo logo-even\" title=\"FC Bayern M\u00fcnchen\"><img loading=\"lazy\" decoding=\"async\" width=\"128\" height=\"128\" src=\"https:\/\/greenwood-cup.de\/wp-content\/uploads\/2018\/02\/fcbayern200_freigestellt-128x128.png\" class=\"attachment-sportspress-fit-icon size-sportspress-fit-icon wp-post-image\" alt=\"\" \/><\/span>\t\t\t\t\t\t\t<time class=\"sp-event-date\" datetime=\"2019-11-23 09:36:58\" itemprop=\"startDate\" content=\"2019-11-23T09:36:58+01:00\">\n\t\t\t\t\t\t\t\t<a href=\"https:\/\/greenwood-cup.de\/?sp_event=sg-bessenbach-fc-bayern-muenchen\">23. November 2019<\/a>\t\t\t\t\t\t\t<\/time>\n\t\t\t\t\t\t\t\t\t\t\t\t\t\t<h5 class=\"sp-event-results\">\n\t\t\t\t\t\t\t\t<a href=\"https:\/\/greenwood-cup.de\/?sp_event=sg-bessenbach-fc-bayern-muenchen\"><span class=\"sp-result ok\">0<\/span> - <span class=\"sp-result\">10<\/span><\/a>\t\t\t\t\t\t\t<\/h5>\n\t\t\t\t\t\t\t\t\t\t\t\t\t\t\t<div class=\"sp-event-league\">Greenwood-Cup 2019<\/div>\n\t\t\t\t\t\t\t\t\t\t\t\t\t\t\t\t\t\t\t\t\t\t\t\t\t\t\t\t\t\t<div class=\"sp-event-season\">2019 - Vorrunde DVAG Fries Gruppe<\/div>\n\t\t\t\t\t\t\t\t\t\t\t\t\t\t\t\t\t\t\t\t\t\t\t\t\t\t\t\t\t\t\t\t\t\t\t\t\t<div style=\"display:none;\" class=\"sp-event-venue\" itemprop=\"location\" itemscope itemtype=\"http:\/\/schema.org\/Place\"><div itemprop=\"address\" itemscope itemtype=\"http:\/\/schema.org\/PostalAddress\">n.\u00a0a.<\/div><\/div>\n\t\t\t\t\t\t\t\t\t\t\t\t\t\t<h4 class=\"sp-event-title\" itemprop=\"name\">\n\t\t\t\t\t\t\t\t<a href=\"https:\/\/greenwood-cup.de\/?sp_event=sg-bessenbach-fc-bayern-muenchen\">SG Bessenbach \u2014 FC Bayern M\u00fcnchen<\/a>\t\t\t\t\t\t\t<\/h4>\n\t\t\t\t\t\t\t\n\t\t\t\t\t\t<\/td>\n\t\t\t\t\t<\/tr>\n\t\t\t\t\t\t\t\t\t\t<tr class=\"sp-row sp-post alternate\" itemscope itemtype=\"http:\/\/schema.org\/SportsEvent\">\n\t\t\t\t\t\t<td>\n\t\t\t\t\t\t\t\t\t\t\t\t\t\t<span class=\"team-logo logo-odd\" title=\"SG Bessenbach\"><img loading=\"lazy\" decoding=\"async\" width=\"128\" height=\"124\" src=\"https:\/\/greenwood-cup.de\/wp-content\/uploads\/2022\/11\/SG-Bessenbach-neu-e1668687809390-128x124.png\" class=\"attachment-sportspress-fit-icon size-sportspress-fit-icon wp-post-image\" alt=\"\" \/><\/span> <span class=\"team-logo logo-even\" title=\"SpVgg H\u00f6sbach-Bhf I\"><img loading=\"lazy\" decoding=\"async\" width=\"128\" height=\"128\" src=\"https:\/\/greenwood-cup.de\/wp-content\/uploads\/2018\/02\/Wappen-BHF-240_240-e1518607535185.jpg\" class=\"attachment-sportspress-fit-icon size-sportspress-fit-icon wp-post-image\" alt=\"\" \/><\/span>\t\t\t\t\t\t\t<time class=\"sp-event-date\" datetime=\"2019-11-23 11:26:29\" itemprop=\"startDate\" content=\"2019-11-23T11:26:29+01:00\">\n\t\t\t\t\t\t\t\t<a href=\"https:\/\/greenwood-cup.de\/?sp_event=sg-bessenbach-spvgg-hoesbach-bhf-i\">23. November 2019<\/a>\t\t\t\t\t\t\t<\/time>\n\t\t\t\t\t\t\t\t\t\t\t\t\t\t<h5 class=\"sp-event-results\">\n\t\t\t\t\t\t\t\t<a href=\"https:\/\/greenwood-cup.de\/?sp_event=sg-bessenbach-spvgg-hoesbach-bhf-i\"><span class=\"sp-result ok\">4<\/span> - <span class=\"sp-result\">0<\/span><\/a>\t\t\t\t\t\t\t<\/h5>\n\t\t\t\t\t\t\t\t\t\t\t\t\t\t\t<div class=\"sp-event-league\">Greenwood-Cup 2019<\/div>\n\t\t\t\t\t\t\t\t\t\t\t\t\t\t\t\t\t\t\t\t\t\t\t\t\t\t\t\t\t\t<div class=\"sp-event-season\">2019 - Vorrunde DVAG Fries Gruppe<\/div>\n\t\t\t\t\t\t\t\t\t\t\t\t\t\t\t\t\t\t\t\t\t\t\t\t\t\t\t\t\t\t\t\t\t\t\t\t\t<div style=\"display:none;\" class=\"sp-event-venue\" itemprop=\"location\" itemscope itemtype=\"http:\/\/schema.org\/Place\"><div itemprop=\"address\" itemscope itemtype=\"http:\/\/schema.org\/PostalAddress\">n.\u00a0a.<\/div><\/div>\n\t\t\t\t\t\t\t\t\t\t\t\t\t\t<h4 class=\"sp-event-title\" itemprop=\"name\">\n\t\t\t\t\t\t\t\t<a href=\"https:\/\/greenwood-cup.de\/?sp_event=sg-bessenbach-spvgg-hoesbach-bhf-i\">SG Bessenbach \u2014 SpVgg H\u00f6sbach-Bhf I<\/a>\t\t\t\t\t\t\t<\/h4>\n\t\t\t\t\t\t\t\n\t\t\t\t\t\t<\/td>\n\t\t\t\t\t<\/tr>\n\t\t\t\t\t\t\t\t\t\t<tr class=\"sp-row sp-post\" itemscope itemtype=\"http:\/\/schema.org\/SportsEvent\">\n\t\t\t\t\t\t<td>\n\t\t\t\t\t\t\t\t\t\t\t\t\t\t<span class=\"team-logo logo-odd\" title=\"SG Bessenbach\"><img loading=\"lazy\" decoding=\"async\" width=\"128\" height=\"124\" src=\"https:\/\/greenwood-cup.de\/wp-content\/uploads\/2022\/11\/SG-Bessenbach-neu-e1668687809390-128x124.png\" class=\"attachment-sportspress-fit-icon size-sportspress-fit-icon wp-post-image\" alt=\"\" \/><\/span> <span class=\"team-logo logo-even\" title=\"FC Bayern Alzenau\"><img loading=\"lazy\" decoding=\"async\" width=\"128\" height=\"128\" src=\"https:\/\/greenwood-cup.de\/wp-content\/uploads\/2018\/03\/200px-FC_Bayern_Alzenau_svg-128x128.png\" class=\"attachment-sportspress-fit-icon size-sportspress-fit-icon wp-post-image\" alt=\"\" \/><\/span>\t\t\t\t\t\t\t<time class=\"sp-event-date\" datetime=\"2019-11-23 12:32:12\" itemprop=\"startDate\" content=\"2019-11-23T12:32:12+01:00\">\n\t\t\t\t\t\t\t\t<a href=\"https:\/\/greenwood-cup.de\/?sp_event=sg-bessenbach-fc-bayern-alzenau\">23. November 2019<\/a>\t\t\t\t\t\t\t<\/time>\n\t\t\t\t\t\t\t\t\t\t\t\t\t\t<h5 class=\"sp-event-results\">\n\t\t\t\t\t\t\t\t<a href=\"https:\/\/greenwood-cup.de\/?sp_event=sg-bessenbach-fc-bayern-alzenau\"><span class=\"sp-result ok\">0<\/span> - <span class=\"sp-result\">5<\/span><\/a>\t\t\t\t\t\t\t<\/h5>\n\t\t\t\t\t\t\t\t\t\t\t\t\t\t\t<div class=\"sp-event-league\">Greenwood-Cup 2019<\/div>\n\t\t\t\t\t\t\t\t\t\t\t\t\t\t\t\t\t\t\t\t\t\t\t\t\t\t\t\t\t\t<div class=\"sp-event-season\">2019 - Vorrunde DVAG Fries Gruppe<\/div>\n\t\t\t\t\t\t\t\t\t\t\t\t\t\t\t\t\t\t\t\t\t\t\t\t\t\t\t\t\t\t\t\t\t\t\t\t\t<div style=\"display:none;\" class=\"sp-event-venue\" itemprop=\"location\" itemscope itemtype=\"http:\/\/schema.org\/Place\"><div itemprop=\"address\" itemscope itemtype=\"http:\/\/schema.org\/PostalAddress\">n.\u00a0a.<\/div><\/div>\n\t\t\t\t\t\t\t\t\t\t\t\t\t\t<h4 class=\"sp-event-title\" itemprop=\"name\">\n\t\t\t\t\t\t\t\t<a href=\"https:\/\/greenwood-cup.de\/?sp_event=sg-bessenbach-fc-bayern-alzenau\">SG Bessenbach \u2014 FC Bayern Alzenau<\/a>\t\t\t\t\t\t\t<\/h4>\n\t\t\t\t\t\t\t\n\t\t\t\t\t\t<\/td>\n\t\t\t\t\t<\/tr>\n\t\t\t\t\t\t\t\t\t\t<tr class=\"sp-row sp-post alternate\" itemscope itemtype=\"http:\/\/schema.org\/SportsEvent\">\n\t\t\t\t\t\t<td>\n\t\t\t\t\t\t\t\t\t\t\t\t\t\t<span class=\"team-logo logo-odd\" title=\"Hamburger SV\"><img loading=\"lazy\" decoding=\"async\" width=\"128\" height=\"95\" src=\"https:\/\/greenwood-cup.de\/wp-content\/uploads\/2018\/03\/Hamburger_SV_logo.svg_-128x95.png\" class=\"attachment-sportspress-fit-icon size-sportspress-fit-icon wp-post-image\" alt=\"\" \/><\/span> <span class=\"team-logo logo-even\" title=\"SG Bessenbach\"><img loading=\"lazy\" decoding=\"async\" width=\"128\" height=\"124\" src=\"https:\/\/greenwood-cup.de\/wp-content\/uploads\/2022\/11\/SG-Bessenbach-neu-e1668687809390-128x124.png\" class=\"attachment-sportspress-fit-icon size-sportspress-fit-icon wp-post-image\" alt=\"\" \/><\/span>\t\t\t\t\t\t\t<time class=\"sp-event-date\" datetime=\"2019-11-23 13:16:05\" itemprop=\"startDate\" content=\"2019-11-23T13:16:05+01:00\">\n\t\t\t\t\t\t\t\t<a href=\"https:\/\/greenwood-cup.de\/?sp_event=hamburger-sv-sg-bessenbach\">23. November 2019<\/a>\t\t\t\t\t\t\t<\/time>\n\t\t\t\t\t\t\t\t\t\t\t\t\t\t<h5 class=\"sp-event-results\">\n\t\t\t\t\t\t\t\t<a href=\"https:\/\/greenwood-cup.de\/?sp_event=hamburger-sv-sg-bessenbach\"><span class=\"sp-result ok\">9<\/span> - <span class=\"sp-result\">0<\/span><\/a>\t\t\t\t\t\t\t<\/h5>\n\t\t\t\t\t\t\t\t\t\t\t\t\t\t\t<div class=\"sp-event-league\">Greenwood-Cup 2019<\/div>\n\t\t\t\t\t\t\t\t\t\t\t\t\t\t\t\t\t\t\t\t\t\t\t\t\t\t\t\t\t\t<div class=\"sp-event-season\">2019 - Vorrunde DVAG Fries Gruppe<\/div>\n\t\t\t\t\t\t\t\t\t\t\t\t\t\t\t\t\t\t\t\t\t\t\t\t\t\t\t\t\t\t\t\t\t\t\t\t\t<div style=\"display:none;\" class=\"sp-event-venue\" itemprop=\"location\" itemscope itemtype=\"http:\/\/schema.org\/Place\"><div itemprop=\"address\" itemscope itemtype=\"http:\/\/schema.org\/PostalAddress\">n.\u00a0a.<\/div><\/div>\n\t\t\t\t\t\t\t\t\t\t\t\t\t\t<h4 class=\"sp-event-title\" itemprop=\"name\">\n\t\t\t\t\t\t\t\t<a href=\"https:\/\/greenwood-cup.de\/?sp_event=hamburger-sv-sg-bessenbach\">Hamburger SV \u2014 SG Bessenbach<\/a>\t\t\t\t\t\t\t<\/h4>\n\t\t\t\t\t\t\t\n\t\t\t\t\t\t<\/td>\n\t\t\t\t\t<\/tr>\n\t\t\t\t\t\t\t\t<\/tbody>\n\t\t<\/table>\n\t<\/div>\n\t<div class=\"sp-calendar-link sp-view-all-link\"><a href=\"https:\/\/greenwood-cup.de\/?sp_calendar=greenwood-cup-2019\">Alle Spiele sehen<\/a><\/div><\/div>\n<\/div>\n<div class=\"sportspress\"><div class=\"sp-template sp-template-league-table\">\n\t<h4 class=\"sp-table-caption\">2019 Vorrunde DVAG Fries Gruppe<\/h4><div class=\"sp-table-wrapper\"><table class=\"sp-league-table sp-league-table-3767 sp-data-table sp-sortable-table sp-responsive-table table_69e0dee66abe6 sp-scrollable-table sp-paginated-table\" data-sp-rows=\"10\"><thead><tr><th class=\"data-rank\">Pos.<\/th><th class=\"data-name\">Club<\/th><th class=\"data-p\">S<\/th><th class=\"data-w\">G<\/th><th class=\"data-d\">U<\/th><th class=\"data-l\">V<\/th><th class=\"data-f\">T<\/th><th class=\"data-a\">Gt<\/th><th class=\"data-pts\">P<\/th><\/tr><\/thead><tbody><tr class=\"odd sp-row-no-0\"><td class=\"data-rank\" data-label=\"Pos.\">1<\/td><td class=\"data-name has-logo\" data-label=\"Club\"><span class=\"team-logo\"><img loading=\"lazy\" decoding=\"async\" width=\"128\" height=\"128\" src=\"https:\/\/greenwood-cup.de\/wp-content\/uploads\/2018\/02\/fcbayern200_freigestellt-128x128.png\" class=\"attachment-sportspress-fit-icon size-sportspress-fit-icon wp-post-image\" alt=\"\" \/><\/span>FC Bayern M\u00fcnchen<\/td><td class=\"data-p\" data-label=\"S\">5<\/td><td class=\"data-w\" data-label=\"G\">4<\/td><td class=\"data-d\" data-label=\"U\">1<\/td><td class=\"data-l\" data-label=\"V\">0<\/td><td class=\"data-f\" data-label=\"T\">24<\/td><td class=\"data-a\" data-label=\"Gt\">1<\/td><td class=\"data-pts\" data-label=\"P\">13<\/td><\/tr><tr class=\"even sp-row-no-1\"><td class=\"data-rank\" data-label=\"Pos.\">2<\/td><td class=\"data-name has-logo\" data-label=\"Club\"><span class=\"team-logo\"><img loading=\"lazy\" decoding=\"async\" width=\"128\" height=\"95\" src=\"https:\/\/greenwood-cup.de\/wp-content\/uploads\/2018\/03\/Hamburger_SV_logo.svg_-128x95.png\" class=\"attachment-sportspress-fit-icon size-sportspress-fit-icon wp-post-image\" alt=\"\" \/><\/span>Hamburger SV<\/td><td class=\"data-p\" data-label=\"S\">5<\/td><td class=\"data-w\" data-label=\"G\">3<\/td><td class=\"data-d\" data-label=\"U\">1<\/td><td class=\"data-l\" data-label=\"V\">1<\/td><td class=\"data-f\" data-label=\"T\">24<\/td><td class=\"data-a\" data-label=\"Gt\">3<\/td><td class=\"data-pts\" data-label=\"P\">10<\/td><\/tr><tr class=\"odd sp-row-no-2\"><td class=\"data-rank\" data-label=\"Pos.\">3<\/td><td class=\"data-name has-logo\" data-label=\"Club\"><span class=\"team-logo\"><img loading=\"lazy\" decoding=\"async\" width=\"128\" height=\"113\" src=\"https:\/\/greenwood-cup.de\/wp-content\/uploads\/2018\/02\/283px-Hannover_96_Logo_svg-1-e1518281812888.png\" class=\"attachment-sportspress-fit-icon size-sportspress-fit-icon wp-post-image\" alt=\"\" \/><\/span>Hannover 96<\/td><td class=\"data-p\" data-label=\"S\">5<\/td><td class=\"data-w\" data-label=\"G\">2<\/td><td class=\"data-d\" data-label=\"U\">2<\/td><td class=\"data-l\" data-label=\"V\">1<\/td><td class=\"data-f\" data-label=\"T\">22<\/td><td class=\"data-a\" data-label=\"Gt\">8<\/td><td class=\"data-pts\" data-label=\"P\">8<\/td><\/tr><tr class=\"even sp-row-no-3\"><td class=\"data-rank\" data-label=\"Pos.\">4<\/td><td class=\"data-name has-logo\" data-label=\"Club\"><span class=\"team-logo\"><img loading=\"lazy\" decoding=\"async\" width=\"128\" height=\"128\" src=\"https:\/\/greenwood-cup.de\/wp-content\/uploads\/2018\/03\/200px-FC_Bayern_Alzenau_svg-128x128.png\" class=\"attachment-sportspress-fit-icon size-sportspress-fit-icon wp-post-image\" alt=\"\" \/><\/span>FC Bayern Alzenau<\/td><td class=\"data-p\" data-label=\"S\">5<\/td><td class=\"data-w\" data-label=\"G\">2<\/td><td class=\"data-d\" data-label=\"U\">2<\/td><td class=\"data-l\" data-label=\"V\">1<\/td><td class=\"data-f\" data-label=\"T\">11<\/td><td class=\"data-a\" data-label=\"Gt\">6<\/td><td class=\"data-pts\" data-label=\"P\">8<\/td><\/tr><tr class=\"odd sp-row-no-4\"><td class=\"data-rank\" data-label=\"Pos.\">5<\/td><td class=\"data-name has-logo\" data-label=\"Club\"><span class=\"team-logo\"><img loading=\"lazy\" decoding=\"async\" width=\"128\" height=\"124\" src=\"https:\/\/greenwood-cup.de\/wp-content\/uploads\/2022\/11\/SG-Bessenbach-neu-e1668687809390-128x124.png\" class=\"attachment-sportspress-fit-icon size-sportspress-fit-icon wp-post-image\" alt=\"\" \/><\/span>SG Bessenbach<\/td><td class=\"data-p\" data-label=\"S\">5<\/td><td class=\"data-w\" data-label=\"G\">1<\/td><td class=\"data-d\" data-label=\"U\">0<\/td><td class=\"data-l\" data-label=\"V\">4<\/td><td class=\"data-f\" data-label=\"T\">4<\/td><td class=\"data-a\" data-label=\"Gt\">29<\/td><td class=\"data-pts\" data-label=\"P\">3<\/td><\/tr><tr class=\"even sp-row-no-5\"><td class=\"data-rank\" data-label=\"Pos.\">6<\/td><td class=\"data-name has-logo\" data-label=\"Club\"><span class=\"team-logo\"><img loading=\"lazy\" decoding=\"async\" width=\"128\" height=\"128\" src=\"https:\/\/greenwood-cup.de\/wp-content\/uploads\/2018\/02\/Wappen-BHF-240_240-e1518607535185.jpg\" class=\"attachment-sportspress-fit-icon size-sportspress-fit-icon wp-post-image\" alt=\"\" \/><\/span>SpVgg H\u00f6sbach-Bhf I<\/td><td class=\"data-p\" data-label=\"S\">5<\/td><td class=\"data-w\" data-label=\"G\">0<\/td><td class=\"data-d\" data-label=\"U\">0<\/td><td class=\"data-l\" data-label=\"V\">5<\/td><td class=\"data-f\" data-label=\"T\">0<\/td><td class=\"data-a\" data-label=\"Gt\">38<\/td><td class=\"data-pts\" data-label=\"P\">0<\/td><\/tr><\/tbody><\/table><\/div><\/div>\n<\/div>\n","protected":false},"excerpt":{"rendered":"<p>Hinten die Trainer: Rainer Richartz, J\u00fcrgen Spatz, Stephan Heeg, es fehlt Murat Aslan Mitte: Lenny Michel, Jonas B\u00fcttner, Josh Roth, Lukas Allig, Lukas Ritter, Taylan Aslan, Theo Nebel. Vorne: Tom F\u00e4th, Cedrik Thiel, Leo Richartz, Lorenz Heeg, Luke Spatz<\/p>\n","protected":false},"author":2,"featured_media":3014,"parent":3792,"menu_order":0,"comment_status":"closed","ping_status":"closed","template":"","meta":{"footnotes":""},"class_list":["post-3835","page","type-page","status-publish","has-post-thumbnail","hentry"],"_links":{"self":[{"href":"https:\/\/greenwood-cup.de\/index.php?rest_route=\/wp\/v2\/pages\/3835","targetHints":{"allow":["GET"]}}],"collection":[{"href":"https:\/\/greenwood-cup.de\/index.php?rest_route=\/wp\/v2\/pages"}],"about":[{"href":"https:\/\/greenwood-cup.de\/index.php?rest_route=\/wp\/v2\/types\/page"}],"author":[{"embeddable":true,"href":"https:\/\/greenwood-cup.de\/index.php?rest_route=\/wp\/v2\/users\/2"}],"replies":[{"embeddable":true,"href":"https:\/\/greenwood-cup.de\/index.php?rest_route=%2Fwp%2Fv2%2Fcomments&post=3835"}],"version-history":[{"count":1,"href":"https:\/\/greenwood-cup.de\/index.php?rest_route=\/wp\/v2\/pages\/3835\/revisions"}],"predecessor-version":[{"id":5434,"href":"https:\/\/greenwood-cup.de\/index.php?rest_route=\/wp\/v2\/pages\/3835\/revisions\/5434"}],"up":[{"embeddable":true,"href":"https:\/\/greenwood-cup.de\/index.php?rest_route=\/wp\/v2\/pages\/3792"}],"wp:featuredmedia":[{"embeddable":true,"href":"https:\/\/greenwood-cup.de\/index.php?rest_route=\/wp\/v2\/media\/3014"}],"wp:attachment":[{"href":"https:\/\/greenwood-cup.de\/index.php?rest_route=%2Fwp%2Fv2%2Fmedia&parent=3835"}],"curies":[{"name":"wp","href":"https:\/\/api.w.org\/{rel}","templated":true}]}}