{"id":1047,"date":"2018-03-05T09:44:10","date_gmt":"2018-03-05T08:44:10","guid":{"rendered":"http:\/\/greenwood-cup.de\/?page_id=1047"},"modified":"2018-03-14T16:02:51","modified_gmt":"2018-03-14T15:02:51","slug":"fc-hoesbach","status":"publish","type":"page","link":"https:\/\/greenwood-cup.de\/?page_id=1047","title":{"rendered":"1. FC H\u00f6sbach"},"content":{"rendered":"<p><img fetchpriority=\"high\" decoding=\"async\" class=\"aligncenter wp-image-1058 lazyload\" src=\"data:image\/gif;base64,R0lGODlhAQABAIAAAAAAAP\/\/\/yH5BAEAAAAALAAAAAABAAEAAAIBRAA7\" data-src=\"https:\/\/greenwood-cup.de\/wp-content\/uploads\/2018\/03\/1.FC-H\u00f6sbach-2011.jpg\" alt=\"\" width=\"500\" height=\"406\" \/><noscript><img decoding=\"async\" class=\"aligncenter wp-image-1058 lazyload\" src=\"https:\/\/greenwood-cup.de\/wp-content\/uploads\/2018\/03\/1.FC-H\u00f6sbach-2011.jpg\" alt=\"\" width=\"500\" height=\"406\" srcset=\"https:\/\/greenwood-cup.de\/wp-content\/uploads\/2018\/03\/1.FC-H\u00f6sbach-2011.jpg 739w, https:\/\/greenwood-cup.de\/wp-content\/uploads\/2018\/03\/1.FC-H\u00f6sbach-2011-300x244.jpg 300w, https:\/\/greenwood-cup.de\/wp-content\/uploads\/2018\/03\/1.FC-H\u00f6sbach-2011-128x104.jpg 128w, https:\/\/greenwood-cup.de\/wp-content\/uploads\/2018\/03\/1.FC-H\u00f6sbach-2011-32x26.jpg 32w, https:\/\/greenwood-cup.de\/wp-content\/uploads\/2018\/03\/1.FC-H\u00f6sbach-2011-520x422.jpg 520w\" sizes=\"(max-width: 500px) 100vw, 500px\" \/><\/noscript><\/p>\n<p style=\"text-align: center;\"><strong>HRvl: Stefan V\u00f6lker (Trainer), Klaus Simmermeier (Trainer),<\/strong><strong>Tina Hartmann, Malik Yildiz, Luis Lipp<\/strong><strong>ert, Noah Mayer,<\/strong><strong>Elias Zang, Marco Obinger (Trainer)<\/strong><\/p>\n<p style=\"text-align: center;\"><strong>MRvl: Nils Tilscher, Yannic Hahn, Simon V\u00f6lker,<\/strong><strong>Timo Br\u00fcckner, Philipp R\u00f6der, Leon Simmermeier, Pius Heldmann<\/strong><\/p>\n<p style=\"text-align: center;\"><strong>V: Giuseppe Masilla<\/strong><\/p>\n<p><img decoding=\"async\" class=\"aligncenter wp-image-1051 size-medium lazyload\" src=\"data:image\/gif;base64,R0lGODlhAQABAIAAAAAAAP\/\/\/yH5BAEAAAAALAAAAAABAAEAAAIBRAA7\" data-src=\"https:\/\/greenwood-cup.de\/wp-content\/uploads\/2018\/03\/21_Platz-300x96.png\" alt=\"\" width=\"300\" height=\"96\" \/><noscript><img loading=\"lazy\" decoding=\"async\" class=\"aligncenter wp-image-1051 size-medium lazyload\" src=\"https:\/\/greenwood-cup.de\/wp-content\/uploads\/2018\/03\/21_Platz-300x96.png\" alt=\"\" width=\"300\" height=\"96\" srcset=\"https:\/\/greenwood-cup.de\/wp-content\/uploads\/2018\/03\/21_Platz-300x96.png 300w, https:\/\/greenwood-cup.de\/wp-content\/uploads\/2018\/03\/21_Platz-768x245.png 768w, https:\/\/greenwood-cup.de\/wp-content\/uploads\/2018\/03\/21_Platz-1024x327.png 1024w, https:\/\/greenwood-cup.de\/wp-content\/uploads\/2018\/03\/21_Platz-128x41.png 128w, https:\/\/greenwood-cup.de\/wp-content\/uploads\/2018\/03\/21_Platz-32x10.png 32w, https:\/\/greenwood-cup.de\/wp-content\/uploads\/2018\/03\/21_Platz-520x166.png 520w, https:\/\/greenwood-cup.de\/wp-content\/uploads\/2018\/03\/21_Platz-740x237.png 740w, https:\/\/greenwood-cup.de\/wp-content\/uploads\/2018\/03\/21_Platz.png 1414w\" sizes=\"(max-width: 300px) 100vw, 300px\" \/><\/noscript><\/p>\n<div class=\"sportspress sp-widget-align-none\"><h4 class=\"sp-table-caption\">Ergebnisse Greenwood-Cup 2011<\/h4><div class=\"sp-template sp-template-event-blocks\">\n\t<div class=\"sp-table-wrapper\">\n\t\t<table class=\"sp-event-blocks sp-data-table\n\t\t\t\t\t sp-paginated-table\" data-sp-rows=\"10\">\n\t\t\t<thead><tr><th><\/th><\/tr><\/thead> \t\t\t<tbody>\n\t\t\t\t\t\t\t\t\t<tr class=\"sp-row sp-post alternate\" itemscope itemtype=\"http:\/\/schema.org\/SportsEvent\">\n\t\t\t\t\t\t<td>\n\t\t\t\t\t\t\t\t\t\t\t\t\t\t<span class=\"team-logo logo-odd\" title=\"1. FC H\u00f6sbach\"><img loading=\"lazy\" decoding=\"async\" width=\"128\" height=\"128\" src=\"https:\/\/greenwood-cup.de\/wp-content\/uploads\/2018\/02\/Fc_h\u00f6sbach_logo-128x128.jpg\" class=\"attachment-sportspress-fit-icon size-sportspress-fit-icon wp-post-image\" alt=\"\" \/><\/span> <span class=\"team-logo logo-even\" title=\"SC Staaken Berlin\"><img loading=\"lazy\" decoding=\"async\" width=\"128\" height=\"128\" src=\"https:\/\/greenwood-cup.de\/wp-content\/uploads\/2018\/03\/SC_Staaken_1919-128x128.png\" class=\"attachment-sportspress-fit-icon size-sportspress-fit-icon wp-post-image\" alt=\"\" \/><\/span>\t\t\t\t\t\t\t<time class=\"sp-event-date\" datetime=\"2011-11-26 09:00:06\" itemprop=\"startDate\" content=\"2011-11-26T09:00:06+01:00\">\n\t\t\t\t\t\t\t\t<a href=\"https:\/\/greenwood-cup.de\/?sp_event=fc-hoesbach-sc-staaken-berlin\">26. November 2011<\/a>\t\t\t\t\t\t\t<\/time>\n\t\t\t\t\t\t\t\t\t\t\t\t\t\t<h5 class=\"sp-event-results\">\n\t\t\t\t\t\t\t\t<a href=\"https:\/\/greenwood-cup.de\/?sp_event=fc-hoesbach-sc-staaken-berlin\"><span class=\"sp-result ok\">0<\/span> - <span class=\"sp-result\">3<\/span><\/a>\t\t\t\t\t\t\t<\/h5>\n\t\t\t\t\t\t\t\t\t\t\t\t\t\t\t<div class=\"sp-event-league\">Greenwood-Cup 2011<\/div>\n\t\t\t\t\t\t\t\t\t\t\t\t\t\t\t\t\t\t\t\t\t\t\t\t\t\t\t\t\t\t<div class=\"sp-event-season\">2011 Vorrunde F\u00f6rstina-Gruppe<\/div>\n\t\t\t\t\t\t\t\t\t\t\t\t\t\t\t\t\t\t\t\t\t\t\t\t\t\t\t\t\t\t\t\t\t\t\t\t\t<div style=\"display:none;\" class=\"sp-event-venue\" itemprop=\"location\" itemscope itemtype=\"http:\/\/schema.org\/Place\"><div itemprop=\"address\" itemscope itemtype=\"http:\/\/schema.org\/PostalAddress\">n.\u00a0a.<\/div><\/div>\n\t\t\t\t\t\t\t\t\t\t\t\t\t\t<h4 class=\"sp-event-title\" itemprop=\"name\">\n\t\t\t\t\t\t\t\t<a href=\"https:\/\/greenwood-cup.de\/?sp_event=fc-hoesbach-sc-staaken-berlin\">1. FC H\u00f6sbach \u2014 SC Staaken Berlin<\/a>\t\t\t\t\t\t\t<\/h4>\n\t\t\t\t\t\t\t\n\t\t\t\t\t\t<\/td>\n\t\t\t\t\t<\/tr>\n\t\t\t\t\t\t\t\t\t\t<tr class=\"sp-row sp-post\" itemscope itemtype=\"http:\/\/schema.org\/SportsEvent\">\n\t\t\t\t\t\t<td>\n\t\t\t\t\t\t\t\t\t\t\t\t\t\t<span class=\"team-logo logo-odd\" title=\"FSV Frankfurt\"><img loading=\"lazy\" decoding=\"async\" width=\"109\" height=\"128\" src=\"https:\/\/greenwood-cup.de\/wp-content\/uploads\/2018\/03\/509px-FSV_Frankfurt_1899_svg-109x128.png\" class=\"attachment-sportspress-fit-icon size-sportspress-fit-icon wp-post-image\" alt=\"\" \/><\/span> <span class=\"team-logo logo-even\" title=\"1. FC H\u00f6sbach\"><img loading=\"lazy\" decoding=\"async\" width=\"128\" height=\"128\" src=\"https:\/\/greenwood-cup.de\/wp-content\/uploads\/2018\/02\/Fc_h\u00f6sbach_logo-128x128.jpg\" class=\"attachment-sportspress-fit-icon size-sportspress-fit-icon wp-post-image\" alt=\"\" \/><\/span>\t\t\t\t\t\t\t<time class=\"sp-event-date\" datetime=\"2011-11-26 10:28:32\" itemprop=\"startDate\" content=\"2011-11-26T10:28:32+01:00\">\n\t\t\t\t\t\t\t\t<a href=\"https:\/\/greenwood-cup.de\/?sp_event=fsv-frankfurt-1-fc-hoesbach\">26. November 2011<\/a>\t\t\t\t\t\t\t<\/time>\n\t\t\t\t\t\t\t\t\t\t\t\t\t\t<h5 class=\"sp-event-results\">\n\t\t\t\t\t\t\t\t<a href=\"https:\/\/greenwood-cup.de\/?sp_event=fsv-frankfurt-1-fc-hoesbach\"><span class=\"sp-result ok\">3<\/span> - <span class=\"sp-result\">0<\/span><\/a>\t\t\t\t\t\t\t<\/h5>\n\t\t\t\t\t\t\t\t\t\t\t\t\t\t\t<div class=\"sp-event-league\">Greenwood-Cup 2011<\/div>\n\t\t\t\t\t\t\t\t\t\t\t\t\t\t\t\t\t\t\t\t\t\t\t\t\t\t\t\t\t\t<div class=\"sp-event-season\">2011 Vorrunde F\u00f6rstina-Gruppe<\/div>\n\t\t\t\t\t\t\t\t\t\t\t\t\t\t\t\t\t\t\t\t\t\t\t\t\t\t\t\t\t\t\t\t\t\t\t\t\t<div style=\"display:none;\" class=\"sp-event-venue\" itemprop=\"location\" itemscope itemtype=\"http:\/\/schema.org\/Place\"><div itemprop=\"address\" itemscope itemtype=\"http:\/\/schema.org\/PostalAddress\">n.\u00a0a.<\/div><\/div>\n\t\t\t\t\t\t\t\t\t\t\t\t\t\t<h4 class=\"sp-event-title\" itemprop=\"name\">\n\t\t\t\t\t\t\t\t<a href=\"https:\/\/greenwood-cup.de\/?sp_event=fsv-frankfurt-1-fc-hoesbach\">FSV Frankfurt \u2014 1. FC H\u00f6sbach<\/a>\t\t\t\t\t\t\t<\/h4>\n\t\t\t\t\t\t\t\n\t\t\t\t\t\t<\/td>\n\t\t\t\t\t<\/tr>\n\t\t\t\t\t\t\t\t\t\t<tr class=\"sp-row sp-post alternate\" itemscope itemtype=\"http:\/\/schema.org\/SportsEvent\">\n\t\t\t\t\t\t<td>\n\t\t\t\t\t\t\t\t\t\t\t\t\t\t<span class=\"team-logo logo-odd\" title=\"1. FC H\u00f6sbach\"><img loading=\"lazy\" decoding=\"async\" width=\"128\" height=\"128\" src=\"https:\/\/greenwood-cup.de\/wp-content\/uploads\/2018\/02\/Fc_h\u00f6sbach_logo-128x128.jpg\" class=\"attachment-sportspress-fit-icon size-sportspress-fit-icon wp-post-image\" alt=\"\" \/><\/span> <span class=\"team-logo logo-even\" title=\"Hannover 96\"><img loading=\"lazy\" decoding=\"async\" width=\"128\" height=\"113\" src=\"https:\/\/greenwood-cup.de\/wp-content\/uploads\/2018\/02\/283px-Hannover_96_Logo_svg-1-e1518281812888.png\" class=\"attachment-sportspress-fit-icon size-sportspress-fit-icon wp-post-image\" alt=\"\" \/><\/span>\t\t\t\t\t\t\t<time class=\"sp-event-date\" datetime=\"2011-11-26 11:56:52\" itemprop=\"startDate\" content=\"2011-11-26T11:56:52+01:00\">\n\t\t\t\t\t\t\t\t<a href=\"https:\/\/greenwood-cup.de\/?sp_event=1-fc-hoesbach-hannover-96\">26. November 2011<\/a>\t\t\t\t\t\t\t<\/time>\n\t\t\t\t\t\t\t\t\t\t\t\t\t\t<h5 class=\"sp-event-results\">\n\t\t\t\t\t\t\t\t<a href=\"https:\/\/greenwood-cup.de\/?sp_event=1-fc-hoesbach-hannover-96\"><span class=\"sp-result ok\">0<\/span> - <span class=\"sp-result\">7<\/span><\/a>\t\t\t\t\t\t\t<\/h5>\n\t\t\t\t\t\t\t\t\t\t\t\t\t\t\t<div class=\"sp-event-league\">Greenwood-Cup 2011<\/div>\n\t\t\t\t\t\t\t\t\t\t\t\t\t\t\t\t\t\t\t\t\t\t\t\t\t\t\t\t\t\t<div class=\"sp-event-season\">2011 Vorrunde F\u00f6rstina-Gruppe<\/div>\n\t\t\t\t\t\t\t\t\t\t\t\t\t\t\t\t\t\t\t\t\t\t\t\t\t\t\t\t\t\t\t\t\t\t\t\t\t<div style=\"display:none;\" class=\"sp-event-venue\" itemprop=\"location\" itemscope itemtype=\"http:\/\/schema.org\/Place\"><div itemprop=\"address\" itemscope itemtype=\"http:\/\/schema.org\/PostalAddress\">n.\u00a0a.<\/div><\/div>\n\t\t\t\t\t\t\t\t\t\t\t\t\t\t<h4 class=\"sp-event-title\" itemprop=\"name\">\n\t\t\t\t\t\t\t\t<a href=\"https:\/\/greenwood-cup.de\/?sp_event=1-fc-hoesbach-hannover-96\">1. FC H\u00f6sbach \u2014 Hannover 96<\/a>\t\t\t\t\t\t\t<\/h4>\n\t\t\t\t\t\t\t\n\t\t\t\t\t\t<\/td>\n\t\t\t\t\t<\/tr>\n\t\t\t\t\t\t\t\t\t\t<tr class=\"sp-row sp-post\" itemscope itemtype=\"http:\/\/schema.org\/SportsEvent\">\n\t\t\t\t\t\t<td>\n\t\t\t\t\t\t\t\t\t\t\t\t\t\t<span class=\"team-logo logo-odd\" title=\"FC Bayern M\u00fcnchen\"><img loading=\"lazy\" decoding=\"async\" width=\"128\" height=\"128\" src=\"https:\/\/greenwood-cup.de\/wp-content\/uploads\/2018\/02\/fcbayern200_freigestellt-128x128.png\" class=\"attachment-sportspress-fit-icon size-sportspress-fit-icon wp-post-image\" alt=\"\" \/><\/span> <span class=\"team-logo logo-even\" title=\"1. FC H\u00f6sbach\"><img loading=\"lazy\" decoding=\"async\" width=\"128\" height=\"128\" src=\"https:\/\/greenwood-cup.de\/wp-content\/uploads\/2018\/02\/Fc_h\u00f6sbach_logo-128x128.jpg\" class=\"attachment-sportspress-fit-icon size-sportspress-fit-icon wp-post-image\" alt=\"\" \/><\/span>\t\t\t\t\t\t\t<time class=\"sp-event-date\" datetime=\"2011-11-26 13:02:57\" itemprop=\"startDate\" content=\"2011-11-26T13:02:57+01:00\">\n\t\t\t\t\t\t\t\t<a href=\"https:\/\/greenwood-cup.de\/?sp_event=fc-bayern-muenchen-1-fc-hoesbach\">26. November 2011<\/a>\t\t\t\t\t\t\t<\/time>\n\t\t\t\t\t\t\t\t\t\t\t\t\t\t<h5 class=\"sp-event-results\">\n\t\t\t\t\t\t\t\t<a href=\"https:\/\/greenwood-cup.de\/?sp_event=fc-bayern-muenchen-1-fc-hoesbach\"><span class=\"sp-result ok\">3<\/span> - <span class=\"sp-result\">0<\/span><\/a>\t\t\t\t\t\t\t<\/h5>\n\t\t\t\t\t\t\t\t\t\t\t\t\t\t\t<div class=\"sp-event-league\">Greenwood-Cup 2011<\/div>\n\t\t\t\t\t\t\t\t\t\t\t\t\t\t\t\t\t\t\t\t\t\t\t\t\t\t\t\t\t\t<div class=\"sp-event-season\">2011 Vorrunde F\u00f6rstina-Gruppe<\/div>\n\t\t\t\t\t\t\t\t\t\t\t\t\t\t\t\t\t\t\t\t\t\t\t\t\t\t\t\t\t\t\t\t\t\t\t\t\t<div style=\"display:none;\" class=\"sp-event-venue\" itemprop=\"location\" itemscope itemtype=\"http:\/\/schema.org\/Place\"><div itemprop=\"address\" itemscope itemtype=\"http:\/\/schema.org\/PostalAddress\">n.\u00a0a.<\/div><\/div>\n\t\t\t\t\t\t\t\t\t\t\t\t\t\t<h4 class=\"sp-event-title\" itemprop=\"name\">\n\t\t\t\t\t\t\t\t<a href=\"https:\/\/greenwood-cup.de\/?sp_event=fc-bayern-muenchen-1-fc-hoesbach\">FC Bayern M\u00fcnchen \u2014 1. FC H\u00f6sbach<\/a>\t\t\t\t\t\t\t<\/h4>\n\t\t\t\t\t\t\t\n\t\t\t\t\t\t<\/td>\n\t\t\t\t\t<\/tr>\n\t\t\t\t\t\t\t\t\t\t<tr class=\"sp-row sp-post alternate\" itemscope itemtype=\"http:\/\/schema.org\/SportsEvent\">\n\t\t\t\t\t\t<td>\n\t\t\t\t\t\t\t\t\t\t\t\t\t\t<span class=\"team-logo logo-odd\" title=\"1. FC H\u00f6sbach\"><img loading=\"lazy\" decoding=\"async\" width=\"128\" height=\"128\" src=\"https:\/\/greenwood-cup.de\/wp-content\/uploads\/2018\/02\/Fc_h\u00f6sbach_logo-128x128.jpg\" class=\"attachment-sportspress-fit-icon size-sportspress-fit-icon wp-post-image\" alt=\"\" \/><\/span> <span class=\"team-logo logo-even\" title=\"TSV 1913 Pflaumheim\"><img loading=\"lazy\" decoding=\"async\" width=\"128\" height=\"128\" src=\"https:\/\/greenwood-cup.de\/wp-content\/uploads\/2018\/03\/Pflaumheim_logo-128x128.png\" class=\"attachment-sportspress-fit-icon size-sportspress-fit-icon wp-post-image\" alt=\"\" \/><\/span>\t\t\t\t\t\t\t<time class=\"sp-event-date\" datetime=\"2011-11-27 08:52:14\" itemprop=\"startDate\" content=\"2011-11-27T08:52:14+01:00\">\n\t\t\t\t\t\t\t\t<a href=\"https:\/\/greenwood-cup.de\/?sp_event=1-fc-hoesbach-tsv-1913-pflaumheim\">27. November 2011<\/a>\t\t\t\t\t\t\t<\/time>\n\t\t\t\t\t\t\t\t\t\t\t\t\t\t<h5 class=\"sp-event-results\">\n\t\t\t\t\t\t\t\t<a href=\"https:\/\/greenwood-cup.de\/?sp_event=1-fc-hoesbach-tsv-1913-pflaumheim\"><span class=\"sp-result ok\">1<\/span> - <span class=\"sp-result\">2<\/span><\/a>\t\t\t\t\t\t\t<\/h5>\n\t\t\t\t\t\t\t\t\t\t\t\t\t\t\t<div class=\"sp-event-league\">Greenwood-Cup 2011<\/div>\n\t\t\t\t\t\t\t\t\t\t\t\t\t\t\t\t\t\t\t\t\t\t\t\t\t\t\t\t\t\t<div class=\"sp-event-season\">2011 Vorrunde F\u00f6rstina-Gruppe<\/div>\n\t\t\t\t\t\t\t\t\t\t\t\t\t\t\t\t\t\t\t\t\t\t\t\t\t\t\t\t\t\t\t\t\t\t\t\t\t<div style=\"display:none;\" class=\"sp-event-venue\" itemprop=\"location\" itemscope itemtype=\"http:\/\/schema.org\/Place\"><div itemprop=\"address\" itemscope itemtype=\"http:\/\/schema.org\/PostalAddress\">n.\u00a0a.<\/div><\/div>\n\t\t\t\t\t\t\t\t\t\t\t\t\t\t<h4 class=\"sp-event-title\" itemprop=\"name\">\n\t\t\t\t\t\t\t\t<a href=\"https:\/\/greenwood-cup.de\/?sp_event=1-fc-hoesbach-tsv-1913-pflaumheim\">1. FC H\u00f6sbach \u2014 TSV 1913 Pflaumheim<\/a>\t\t\t\t\t\t\t<\/h4>\n\t\t\t\t\t\t\t\n\t\t\t\t\t\t<\/td>\n\t\t\t\t\t<\/tr>\n\t\t\t\t\t\t\t\t<\/tbody>\n\t\t<\/table>\n\t<\/div>\n\t<div class=\"sp-calendar-link sp-view-all-link\"><a href=\"https:\/\/greenwood-cup.de\/?sp_calendar=greenwood-cup-2011\">Alle Spiele sehen<\/a><\/div><\/div>\n<\/div>\n<div class=\"sportspress\"><div class=\"sp-template sp-template-league-table\">\n\t<h4 class=\"sp-table-caption\">2011 Vorrunde F\u00f6rstina Gruppe <\/h4><div class=\"sp-table-wrapper\"><table class=\"sp-league-table sp-league-table-1034 sp-data-table sp-sortable-table sp-responsive-table table_69e76f412d53c sp-scrollable-table sp-paginated-table\" data-sp-rows=\"10\"><thead><tr><th class=\"data-rank\">Pos.<\/th><th class=\"data-name\">Club<\/th><th class=\"data-p\">S<\/th><th class=\"data-w\">G<\/th><th class=\"data-d\">U<\/th><th class=\"data-l\">V<\/th><th class=\"data-f\">T<\/th><th class=\"data-a\">Gt<\/th><th class=\"data-pts\">P<\/th><\/tr><\/thead><tbody><tr class=\"odd sp-row-no-0\"><td class=\"data-rank\" data-label=\"Pos.\">1<\/td><td class=\"data-name has-logo\" data-label=\"Club\"><span class=\"team-logo\"><img loading=\"lazy\" decoding=\"async\" width=\"128\" height=\"128\" src=\"https:\/\/greenwood-cup.de\/wp-content\/uploads\/2018\/02\/fcbayern200_freigestellt-128x128.png\" class=\"attachment-sportspress-fit-icon size-sportspress-fit-icon wp-post-image\" alt=\"\" \/><\/span>FC Bayern M\u00fcnchen<\/td><td class=\"data-p\" data-label=\"S\">5<\/td><td class=\"data-w\" data-label=\"G\">4<\/td><td class=\"data-d\" data-label=\"U\">0<\/td><td class=\"data-l\" data-label=\"V\">1<\/td><td class=\"data-f\" data-label=\"T\">18<\/td><td class=\"data-a\" data-label=\"Gt\">7<\/td><td class=\"data-pts\" data-label=\"P\">12<\/td><\/tr><tr class=\"even sp-row-no-1\"><td class=\"data-rank\" data-label=\"Pos.\">2<\/td><td class=\"data-name has-logo\" data-label=\"Club\"><span class=\"team-logo\"><img loading=\"lazy\" decoding=\"async\" width=\"128\" height=\"113\" src=\"https:\/\/greenwood-cup.de\/wp-content\/uploads\/2018\/02\/283px-Hannover_96_Logo_svg-1-e1518281812888.png\" class=\"attachment-sportspress-fit-icon size-sportspress-fit-icon wp-post-image\" alt=\"\" \/><\/span>Hannover 96<\/td><td class=\"data-p\" data-label=\"S\">5<\/td><td class=\"data-w\" data-label=\"G\">4<\/td><td class=\"data-d\" data-label=\"U\">0<\/td><td class=\"data-l\" data-label=\"V\">1<\/td><td class=\"data-f\" data-label=\"T\">19<\/td><td class=\"data-a\" data-label=\"Gt\">4<\/td><td class=\"data-pts\" data-label=\"P\">12<\/td><\/tr><tr class=\"odd sp-row-no-2\"><td class=\"data-rank\" data-label=\"Pos.\">3<\/td><td class=\"data-name has-logo\" data-label=\"Club\"><span class=\"team-logo\"><img loading=\"lazy\" decoding=\"async\" width=\"109\" height=\"128\" src=\"https:\/\/greenwood-cup.de\/wp-content\/uploads\/2018\/03\/509px-FSV_Frankfurt_1899_svg-109x128.png\" class=\"attachment-sportspress-fit-icon size-sportspress-fit-icon wp-post-image\" alt=\"\" \/><\/span>FSV Frankfurt<\/td><td class=\"data-p\" data-label=\"S\">5<\/td><td class=\"data-w\" data-label=\"G\">3<\/td><td class=\"data-d\" data-label=\"U\">1<\/td><td class=\"data-l\" data-label=\"V\">1<\/td><td class=\"data-f\" data-label=\"T\">10<\/td><td class=\"data-a\" data-label=\"Gt\">5<\/td><td class=\"data-pts\" data-label=\"P\">10<\/td><\/tr><tr class=\"even sp-row-no-3\"><td class=\"data-rank\" data-label=\"Pos.\">4<\/td><td class=\"data-name has-logo\" data-label=\"Club\"><span class=\"team-logo\"><img loading=\"lazy\" decoding=\"async\" width=\"128\" height=\"128\" src=\"https:\/\/greenwood-cup.de\/wp-content\/uploads\/2018\/03\/SC_Staaken_1919-128x128.png\" class=\"attachment-sportspress-fit-icon size-sportspress-fit-icon wp-post-image\" alt=\"\" \/><\/span>SC Staaken Berlin<\/td><td class=\"data-p\" data-label=\"S\">5<\/td><td class=\"data-w\" data-label=\"G\">2<\/td><td class=\"data-d\" data-label=\"U\">0<\/td><td class=\"data-l\" data-label=\"V\">3<\/td><td class=\"data-f\" data-label=\"T\">9<\/td><td class=\"data-a\" data-label=\"Gt\">10<\/td><td class=\"data-pts\" data-label=\"P\">6<\/td><\/tr><tr class=\"odd sp-row-no-4\"><td class=\"data-rank\" data-label=\"Pos.\">5<\/td><td class=\"data-name has-logo\" data-label=\"Club\"><span class=\"team-logo\"><img loading=\"lazy\" decoding=\"async\" width=\"128\" height=\"128\" src=\"https:\/\/greenwood-cup.de\/wp-content\/uploads\/2018\/03\/Pflaumheim_logo-128x128.png\" class=\"attachment-sportspress-fit-icon size-sportspress-fit-icon wp-post-image\" alt=\"\" \/><\/span>TSV 1913 Pflaumheim<\/td><td class=\"data-p\" data-label=\"S\">5<\/td><td class=\"data-w\" data-label=\"G\">1<\/td><td class=\"data-d\" data-label=\"U\">1<\/td><td class=\"data-l\" data-label=\"V\">3<\/td><td class=\"data-f\" data-label=\"T\">3<\/td><td class=\"data-a\" data-label=\"Gt\">16<\/td><td class=\"data-pts\" data-label=\"P\">4<\/td><\/tr><tr class=\"even sp-row-no-5\"><td class=\"data-rank\" data-label=\"Pos.\">6<\/td><td class=\"data-name has-logo\" data-label=\"Club\"><span class=\"team-logo\"><img loading=\"lazy\" decoding=\"async\" width=\"128\" height=\"128\" src=\"https:\/\/greenwood-cup.de\/wp-content\/uploads\/2018\/02\/Fc_h\u00f6sbach_logo-128x128.jpg\" class=\"attachment-sportspress-fit-icon size-sportspress-fit-icon wp-post-image\" alt=\"\" \/><\/span>1. FC H\u00f6sbach<\/td><td class=\"data-p\" data-label=\"S\">5<\/td><td class=\"data-w\" data-label=\"G\">0<\/td><td class=\"data-d\" data-label=\"U\">0<\/td><td class=\"data-l\" data-label=\"V\">5<\/td><td class=\"data-f\" data-label=\"T\">1<\/td><td class=\"data-a\" data-label=\"Gt\">18<\/td><td class=\"data-pts\" data-label=\"P\">0<\/td><\/tr><\/tbody><\/table><\/div><\/div>\n<\/div>\n","protected":false},"excerpt":{"rendered":"<p>HRvl: Stefan V\u00f6lker (Trainer), Klaus Simmermeier (Trainer),Tina Hartmann, Malik Yildiz, Luis Lippert, Noah Mayer,Elias Zang, Marco Obinger (Trainer) MRvl: Nils Tilscher, Yannic Hahn, Simon V\u00f6lker,Timo Br\u00fcckner, Philipp R\u00f6der, Leon Simmermeier, Pius Heldmann V: Giuseppe Masilla<\/p>\n","protected":false},"author":2,"featured_media":580,"parent":1048,"menu_order":0,"comment_status":"closed","ping_status":"closed","template":"","meta":{"footnotes":""},"class_list":["post-1047","page","type-page","status-publish","has-post-thumbnail","hentry"],"_links":{"self":[{"href":"https:\/\/greenwood-cup.de\/index.php?rest_route=\/wp\/v2\/pages\/1047","targetHints":{"allow":["GET"]}}],"collection":[{"href":"https:\/\/greenwood-cup.de\/index.php?rest_route=\/wp\/v2\/pages"}],"about":[{"href":"https:\/\/greenwood-cup.de\/index.php?rest_route=\/wp\/v2\/types\/page"}],"author":[{"embeddable":true,"href":"https:\/\/greenwood-cup.de\/index.php?rest_route=\/wp\/v2\/users\/2"}],"replies":[{"embeddable":true,"href":"https:\/\/greenwood-cup.de\/index.php?rest_route=%2Fwp%2Fv2%2Fcomments&post=1047"}],"version-history":[{"count":0,"href":"https:\/\/greenwood-cup.de\/index.php?rest_route=\/wp\/v2\/pages\/1047\/revisions"}],"up":[{"embeddable":true,"href":"https:\/\/greenwood-cup.de\/index.php?rest_route=\/wp\/v2\/pages\/1048"}],"wp:featuredmedia":[{"embeddable":true,"href":"https:\/\/greenwood-cup.de\/index.php?rest_route=\/wp\/v2\/media\/580"}],"wp:attachment":[{"href":"https:\/\/greenwood-cup.de\/index.php?rest_route=%2Fwp%2Fv2%2Fmedia&parent=1047"}],"curies":[{"name":"wp","href":"https:\/\/api.w.org\/{rel}","templated":true}]}}